{"id":163,"date":"2013-11-24T22:20:37","date_gmt":"2013-11-24T22:20:37","guid":{"rendered":"http:\/\/chilifan.de\/wordpress\/?page_id=163"},"modified":"2023-05-20T19:46:27","modified_gmt":"2023-05-20T17:46:27","slug":"externe-chili-links","status":"publish","type":"page","link":"https:\/\/www.chilifan.de\/?page_id=163","title":{"rendered":"Externe Chili Ressourcen &#8211; Erweitere Dein Wissen"},"content":{"rendered":"<p><a href=\"http:\/\/www.pepperworld.de\/\">www.Pepperworld.de<\/a><br \/>\nPepperworld bietet eine n\u00fctzliche Bezugsquelle von&nbsp;<b>Chilisamen und Chiliso\u00dfen<\/b>&nbsp;(z.B Vicous Vampire). Auch einen&nbsp;<b>Crash-Kurs f\u00fcr Chili-G\u00e4rtner<\/b>&nbsp;kann man dort finden.<\/p>\n<p><a href=\"http:\/\/www.chilipepper.de\/\">Hot Chili Peppers Homepage<\/a><br \/>\nAuf der Hot Chili Peppers Homepage findet man viel Informationen \u00fcber&nbsp;<b>Sorten, Anzucht, Sch\u00e4dlingsbek\u00e4mpfung<\/b>. usw.<\/p>\n<p><a href=\"http:\/\/www.gartenrot.com\/\">G\u00e4rtnerei Gartenrot<\/a><br \/>\nEine G\u00e4rtnerei f\u00fcr Kr\u00e4uter, alte Gem\u00fcsesorten und Wildobst. Das Sortiment enth\u00e4lt Chilis und Paprika, aber auch andere Pflanzen, die sich geschmacklich zu Chilis gut erg\u00e4nzen.<\/p>\n<p><a href=\"http:\/\/www.chili-balkon.de\/\">Chili Balkon<\/a><br \/>\nWenn man mehr \u00fcber&nbsp;<b>scharfe Dinge, die man auf einem Balkon treiben kann<\/b>&nbsp;erfahren m\u00f6chte wird man hier f\u00fcndig. \ud83d\ude09<\/p>\n<p><a href=\"http:\/\/www.hotsauce.de\/\">www.hotsauce.de<\/a><br \/>\nHier bekommt man Informationen \u00fcber scharfe Chilis,&nbsp;<b>feurige Saucen, und leckere Rezepte<\/b>&nbsp;aus Mexiko, S\u00fcdamerika und der Karibik.<\/p>\n<p><a href=\"http:\/\/www.casa-loca.de\/\">Casa Loca<\/a><br \/>\nIn diesem&nbsp;<b>Shop f\u00fcr Chiliheads<\/b>&nbsp;findet man neben sehr vielen Chili Saucen auch Exotisches wie&nbsp;<b>Chili Senf oder Chili Oliven<\/b><\/p>\n<p><a href=\"http:\/\/www.exquisine.de\/chili.htm\">ExQuisine<\/a><br \/>\nViele&nbsp;<b>Rezepte<\/b>&nbsp;und allgemeine Informationen zum Thema Essen &amp; Trinken &#8211; mit einer ausf\u00fchrlichen Chili Rubrik.<\/p>\n<p><a href=\"http:\/\/www.chili-samen-blog.de\/\">Blog \u00fcber das Thema Chilizucht<\/a><br \/>\nEin umfangreicher Blog &#8211; hier findet man Tipps und Anleitungen zur Chili Zucht, Aussaat und Chili-Pflege. Moritz z\u00fcchtet mit viel Freude Chilis und m\u00f6chte hier seine Erfahrungen mit euch teilen!<\/p>\n","protected":false},"excerpt":{"rendered":"<p>www.Pepperworld.de Pepperworld bietet eine n\u00fctzliche Bezugsquelle von&nbsp;Chilisamen und Chiliso\u00dfen&nbsp;(z.B Vicous Vampire). Auch einen&nbsp;Crash-Kurs f\u00fcr Chili-G\u00e4rtner&nbsp;kann man dort finden. Hot Chili Peppers Homepage Auf der Hot Chili Peppers Homepage findet man viel Informationen \u00fcber&nbsp;Sorten, Anzucht, Sch\u00e4dlingsbek\u00e4mpfung. usw. G\u00e4rtnerei Gartenrot Eine G\u00e4rtnerei &hellip; <a href=\"https:\/\/www.chilifan.de\/?page_id=163\">Weiterlesen <span class=\"meta-nav\">&rarr;<\/span><\/a><\/p>\n","protected":false},"author":1,"featured_media":0,"parent":0,"menu_order":0,"comment_status":"closed","ping_status":"closed","template":"full-width-page.php","meta":{"footnotes":""},"class_list":["post-163","page","type-page","status-publish","hentry"],"aioseo_notices":[],"_links":{"self":[{"href":"https:\/\/www.chilifan.de\/index.php?rest_route=\/wp\/v2\/pages\/163"}],"collection":[{"href":"https:\/\/www.chilifan.de\/index.php?rest_route=\/wp\/v2\/pages"}],"about":[{"href":"https:\/\/www.chilifan.de\/index.php?rest_route=\/wp\/v2\/types\/page"}],"author":[{"embeddable":true,"href":"https:\/\/www.chilifan.de\/index.php?rest_route=\/wp\/v2\/users\/1"}],"replies":[{"embeddable":true,"href":"https:\/\/www.chilifan.de\/index.php?rest_route=%2Fwp%2Fv2%2Fcomments&post=163"}],"version-history":[{"count":8,"href":"https:\/\/www.chilifan.de\/index.php?rest_route=\/wp\/v2\/pages\/163\/revisions"}],"predecessor-version":[{"id":410,"href":"https:\/\/www.chilifan.de\/index.php?rest_route=\/wp\/v2\/pages\/163\/revisions\/410"}],"wp:attachment":[{"href":"https:\/\/www.chilifan.de\/index.php?rest_route=%2Fwp%2Fv2%2Fmedia&parent=163"}],"curies":[{"name":"wp","href":"https:\/\/api.w.org\/{rel}","templated":true}]}}