{"id":213,"date":"2013-11-27T00:12:42","date_gmt":"2013-11-27T00:12:42","guid":{"rendered":"http:\/\/chilifan.de\/wordpress\/?page_id=213"},"modified":"2023-05-16T17:31:36","modified_gmt":"2023-05-16T15:31:36","slug":"impressum","status":"publish","type":"page","link":"https:\/\/www.chilifan.de\/?page_id=213","title":{"rendered":"Impressum"},"content":{"rendered":"<h3 id=\"impressum\"><span style=\"font-size: 13px;\">Verantwortlich f\u00fcr den Inhalt dieser Webseite gem\u00e4\u00df \u00a7 5 TMG:<\/span><\/h3>\n<p>Michael Hanf<br \/>\nGoosgang 16<br \/>\n25862 Goldelund<\/p>\n<h2>Kontakt:<\/h2>\n<p>Telefon: 04673-9638051<br \/>\nE-Mail:chead@chilifan.de<\/p>\n<p>Quelle:\u00a0<i><a href=\"http:\/\/www.e-recht24.de\/impressum-generator.html\" rel=\"nofollow\">http:\/\/www.e-recht24.de<\/a><\/i><\/p>\n","protected":false},"excerpt":{"rendered":"<p>Verantwortlich f\u00fcr den Inhalt dieser Webseite gem\u00e4\u00df \u00a7 5 TMG: Michael Hanf Goosgang 16 25862 Goldelund Kontakt: Telefon: 04673-9638051 E-Mail:chead@chilifan.de Quelle:\u00a0http:\/\/www.e-recht24.de<\/p>\n","protected":false},"author":1,"featured_media":0,"parent":0,"menu_order":0,"comment_status":"closed","ping_status":"closed","template":"full-width-page.php","meta":{"footnotes":""},"class_list":["post-213","page","type-page","status-publish","hentry"],"aioseo_notices":[],"_links":{"self":[{"href":"https:\/\/www.chilifan.de\/index.php?rest_route=\/wp\/v2\/pages\/213"}],"collection":[{"href":"https:\/\/www.chilifan.de\/index.php?rest_route=\/wp\/v2\/pages"}],"about":[{"href":"https:\/\/www.chilifan.de\/index.php?rest_route=\/wp\/v2\/types\/page"}],"author":[{"embeddable":true,"href":"https:\/\/www.chilifan.de\/index.php?rest_route=\/wp\/v2\/users\/1"}],"replies":[{"embeddable":true,"href":"https:\/\/www.chilifan.de\/index.php?rest_route=%2Fwp%2Fv2%2Fcomments&post=213"}],"version-history":[{"count":5,"href":"https:\/\/www.chilifan.de\/index.php?rest_route=\/wp\/v2\/pages\/213\/revisions"}],"predecessor-version":[{"id":303,"href":"https:\/\/www.chilifan.de\/index.php?rest_route=\/wp\/v2\/pages\/213\/revisions\/303"}],"wp:attachment":[{"href":"https:\/\/www.chilifan.de\/index.php?rest_route=%2Fwp%2Fv2%2Fmedia&parent=213"}],"curies":[{"name":"wp","href":"https:\/\/api.w.org\/{rel}","templated":true}]}}