{"id":44,"date":"2013-11-24T19:36:51","date_gmt":"2013-11-24T19:36:51","guid":{"rendered":"http:\/\/chilifan.de\/\/wordpress\/?page_id=44"},"modified":"2024-09-27T14:17:22","modified_gmt":"2024-09-27T12:17:22","slug":"anbau-seite","status":"publish","type":"page","link":"https:\/\/www.chilifan.de\/?page_id=44","title":{"rendered":"Chili Anbau: So bringst du Sch\u00e4rfe in dein Leben"},"content":{"rendered":"<h1>Chili selbst anbauen<\/h1>\n<p>Der Anbau eigener Chilis kann eine lohnende Erfahrung sein und ist einfacher als man vielleicht denkt. Dieser Leitfaden deckt alles ab, was Sie wissen m\u00fcssen, von der Beschaffung von Samen bis hin zur Ernte und Verwendung Ihrer Chilis.<\/p>\n<h2 id=\"Saat\">Chilisamen &amp; Aussaat<\/h2>\n<p>Es gibt verschiedene M\u00f6glichkeiten, an Chilisamen zu kommen. Sie k\u00f6nnen Samen aus gekauften Chilis oder aus der Ernte des letzten Jahres entfernen. Asiatische Lebensmittelgesch\u00e4fte bieten oft eine gro\u00dfe Sortenvielfalt. Sie k\u00f6nnen auch Samen von vertrauensw\u00fcrdigen Online-H\u00e4ndlern wie <a href=\"https:\/\/www.pepperworld.de\/\" target=\"_top\" rel=\"noopener\">www.Pepperworld.de<\/a> oder <a href=\"https:\/\/www.ruehlemanns.de\/\" target=\"_top\" rel=\"noopener\">R\u00fchlemanns<\/a> bestellen.<\/p>\n<p>Die Aussaat sollte in unseren Breitengraden schon relativ fr\u00fch erfolgen, normalerweise Anfang Januar. Als Erde eignet sich normale Anzuchterde, zu der Sie jedoch zus\u00e4tzlich noch etwas Perlit hinzuf\u00fcgen sollten, damit die Erde etwas lockerer bleibt. Die Keimtemperatur bei Chilis ist relativ hoch, etwa 25 Grad Celsius. Nach Bildung zweier Blattpaare k\u00f6nnen die Pflanzen anschlie\u00dfend in ein gr\u00f6\u00dferes Gef\u00e4\u00df pikiert werden.<\/p>\n<h2 id=\"Standort\">Der Standort<\/h2>\n<p>Chilis lieben Sonne und W\u00e4rme, daher sind S\u00fcd-, S\u00fcdwest- oder Westseite ideal. Fehlendes Licht kann durch Pflanzlampen ersetzt werden, allerdings kann diese L\u00f6sung teuer sein und eignet sich eher f\u00fcr die Anzuchtsphase. Achten Sie darauf, junge Pflanzen nicht pl\u00f6tzlich der prallen Sonne auszusetzen, um Sonnenbrand zu vermeiden.<\/p>\n<h2 id=\"Pflege\">Die Pflege<\/h2>\n<p>Chilis sollten generell nicht zu viel gegossen werden, um Wurzelf\u00e4ule zu vermeiden. Die Nachttemperatur sollte nicht unter 5 Grad Celsius sinken, ansonsten sollten die Pflanzen lieber nachts reingeholt werden. D\u00fcngen Sie Ihre Chilis sparsam, um Wurzelverbrennungen zu vermeiden. Wenn sie zu bl\u00fchen beginnen, k\u00f6nnen Sie mit einem Phosphor- oder Kalid\u00fcnger nachhelfen.<\/p>\n<h2 id=\"Ernte\">Die Ernte<\/h2>\n<p>Die Ernte beginnt in der Regel erst sp\u00e4t im Jahr<br \/>\n(August\/September) und kann bis in den November hinein andauern. W\u00e4hrend einige Chilis bereits im gr\u00fcnen Zustand (wie die Jalape\u00f1o) geerntet werden k\u00f6nnen, lohnt es sich bei anderen, aufgrund des besseren Aromas, zu warten, bis die Chilis rot sind. Ein fr\u00fchzeitiger Erntebeginn kann den Gesamtertrag erh\u00f6hen, da die Pflanze weiterhin Bl\u00fcten und Fr\u00fcchte produziert.<\/p>\n<h2 id=\"Verwendung\">Verwendungsm\u00f6glichkeiten<\/h2>\n<p>Nat\u00fcrlich k\u00f6nnen Sie Ihre Chilis frisch essen! Aber es gibt noch viele andere Verwendungsm\u00f6glichkeiten, insbesondere f\u00fcr die sch\u00e4rferen Sorten. Sie k\u00f6nnen Salsas, Chiliso\u00dfen oder ein herzhaftes Chili con Carne zubereiten. Besuchen Sie auch meine <a href=\"https:\/\/chilifan.de\/wordpress\/?page_id=46\" target=\"DISPLAY\" rel=\"noopener\">Rezeptseite<\/a> f\u00fcr weitere Ideen.<\/p>\n<p>Einige Chilisorten (wie Chiltepin und Cayenne) eignen sich hervorragend zum Trocknen, w\u00e4hrend dickfleischige Sorten (wie Habanero, Jalape\u00f1o, Serrano und Rocoto) eher eingefroren werden sollten. Sie k\u00f6nnen die dickfleischigen Sorten auch im Backofen oder einem speziellen D\u00f6rrger\u00e4t trocknen.<\/p>\n<h2 id=\"weitere\">Weitere Ressourcen<\/h2>\n<p>Es gibt viele weitere Ressourcen und Gemeinschaften online, die Ihnen helfen k\u00f6nnen, Ihren gr\u00fcnen Daumen weiter zu entwickeln. Hier sind einige empfehlenswerte:<\/p>\n<ul>\n<li><a href=\"https:\/\/www.pepperworld.de\/\" target=\"_top\" rel=\"noopener\">Pepperworld<\/a><\/li>\n<li><a href=\"https:\/\/www.ruehlemanns.de\/\" target=\"_top\" rel=\"noopener\">R\u00fchlemanns<\/a><\/li>\n<li><a href=\"https:\/\/www.chili-pepper.de\/\" target=\"_top\" rel=\"noopener\">Chili Pepper Forum<\/a><\/li>\n<\/ul>\n","protected":false},"excerpt":{"rendered":"<p>Chili selbst anbauen Der Anbau eigener Chilis kann eine lohnende Erfahrung sein und ist einfacher als man vielleicht denkt. Dieser Leitfaden deckt alles ab, was Sie wissen m\u00fcssen, von der Beschaffung von Samen bis hin zur Ernte und Verwendung Ihrer &hellip; <a href=\"https:\/\/www.chilifan.de\/?page_id=44\">Weiterlesen <span class=\"meta-nav\">&rarr;<\/span><\/a><\/p>\n","protected":false},"author":1,"featured_media":0,"parent":0,"menu_order":0,"comment_status":"closed","ping_status":"closed","template":"full-width-page.php","meta":{"footnotes":""},"class_list":["post-44","page","type-page","status-publish","hentry"],"aioseo_notices":[],"_links":{"self":[{"href":"https:\/\/www.chilifan.de\/index.php?rest_route=\/wp\/v2\/pages\/44"}],"collection":[{"href":"https:\/\/www.chilifan.de\/index.php?rest_route=\/wp\/v2\/pages"}],"about":[{"href":"https:\/\/www.chilifan.de\/index.php?rest_route=\/wp\/v2\/types\/page"}],"author":[{"embeddable":true,"href":"https:\/\/www.chilifan.de\/index.php?rest_route=\/wp\/v2\/users\/1"}],"replies":[{"embeddable":true,"href":"https:\/\/www.chilifan.de\/index.php?rest_route=%2Fwp%2Fv2%2Fcomments&post=44"}],"version-history":[{"count":11,"href":"https:\/\/www.chilifan.de\/index.php?rest_route=\/wp\/v2\/pages\/44\/revisions"}],"predecessor-version":[{"id":486,"href":"https:\/\/www.chilifan.de\/index.php?rest_route=\/wp\/v2\/pages\/44\/revisions\/486"}],"wp:attachment":[{"href":"https:\/\/www.chilifan.de\/index.php?rest_route=%2Fwp%2Fv2%2Fmedia&parent=44"}],"curies":[{"name":"wp","href":"https:\/\/api.w.org\/{rel}","templated":true}]}}