{"id":48,"date":"2013-11-24T19:39:47","date_gmt":"2013-11-24T19:39:47","guid":{"rendered":"http:\/\/chilifan.de\/\/wordpress\/?page_id=48"},"modified":"2023-05-21T17:55:18","modified_gmt":"2023-05-21T15:55:18","slug":"galerie","status":"publish","type":"page","link":"https:\/\/www.chilifan.de\/?page_id=48","title":{"rendered":"Chili Galerie &#8211; Eine visuelle Hitzewelle"},"content":{"rendered":"<p>Alle nachfolgenden Bilder stammen von Chilis die ich in den letzen Jahren selbst angebaut habe.<br \/>\nLeider habe ich von meiner Anfangszeit als Chilig\u00e4rtner nur sehr wenige Aufnahmen, da ich zu diesen Zeitpunkt noch keine Digitalkamera hatte.<\/p>\n<h2>Saison 2006<\/h2>\n<p>Dieses Jahr habe ich mich entschieden einmal Thai Chilis, aus der Familie Capsicum annuum, anzubauen. Die Pflanzen sollen in etwa 60cm hoch werden und realitiv scharf sein. In Scoville ausgedr\u00fcckt heisst das in etwa 30000 &#8211; 10000 Einheiten.<\/p>\n<p><a class=\"ngg-fancybox\" title=\" \" href=\"https:\/\/chilifan.de\/wordpress\/wp-content\/gallery\/chilis\/ernte_2006.jpg\" rel=\"\" data-image-id=\"119\" data-src=\"https:\/\/chilifan.de\/wordpress\/wp-content\/gallery\/chilis\/ernte_2006.jpg\" data-thumbnail=\"https:\/\/chilifan.de\/wordpress\/wp-content\/gallery\/chilis\/thumbs\/thumbs_ernte_2006.jpg\" data-title=\"ernte_2006\" data-description=\" \"><img decoding=\"async\" class=\"ngg-singlepic ngg-none\" src=\"https:\/\/chilifan.de\/wordpress\/wp-content\/gallery\/chilis\/thumbs\/thumbs_ernte_2006.jpg\" alt=\"ernte_2006\"><\/a><\/p>\n<h2>Saison 2005<\/h2>\n<p>Der Versuch meine 2004er Habaneros und zugekauften Rocotos zu \u00fcberwintern hat zwar funktioniert, aber leider haben sie die lange K\u00e4lteperiode, mit Frost noch im Juni, und meinen anschlie\u00dfenden Urlaub nicht \u00fcberstanden. Ich werde mir dieses Jahr meine Chilis wohl anderswo besorgen m\u00fcssen.<br \/>\nAn dieser Stelle einen Gruss an Christian<\/p>\n<p><a class=\"ngg-fancybox\" title=\" \" href=\"https:\/\/chilifan.de\/wordpress\/wp-content\/gallery\/chilis\/cs_haba2005.jpg\" rel=\"\" data-image-id=\"118\" data-src=\"https:\/\/chilifan.de\/wordpress\/wp-content\/gallery\/chilis\/cs_haba2005.jpg\" data-thumbnail=\"https:\/\/chilifan.de\/wordpress\/wp-content\/gallery\/chilis\/thumbs\/thumbs_cs_haba2005.jpg\" data-title=\"cs_haba2005\" data-description=\" \"><img decoding=\"async\" class=\"ngg-singlepic ngg-none\" src=\"https:\/\/chilifan.de\/wordpress\/wp-content\/gallery\/chilis\/thumbs\/thumbs_cs_haba2005.jpg\" alt=\"cs_haba2005\"><\/a><\/p>\n<h2>Saison 2004<\/h2>\n<p>Einige Habas (Caribbean Red) und ungarische Spitzpaprika<br \/>\nDas Jahr 2004 war ein sehr erfolgreiches Chili Jahr. Die Habaneros produzierten eine wirklich gute Ernte. Auch die ungarischen Paprika machten sich, nach anf\u00e4nglichen Startschwierigkeiten, ganz gut. Ich habe mir vorgenommen eine der Habaneros zu \u00fcberwintern um damit n\u00e4chstes Jahr einen kleinen Zeitvorteil zu gewinnen.<\/p>\n<p><a class=\"ngg-fancybox\" title=\" \" href=\"https:\/\/chilifan.de\/wordpress\/wp-content\/gallery\/chilis\/habas_20040905.jpg\" rel=\"\" data-image-id=\"127\" data-src=\"https:\/\/chilifan.de\/wordpress\/wp-content\/gallery\/chilis\/habas_20040905.jpg\" data-thumbnail=\"https:\/\/chilifan.de\/wordpress\/wp-content\/gallery\/chilis\/thumbs\/thumbs_habas_20040905.jpg\" data-title=\"habas_20040905\" data-description=\" \"><img decoding=\"async\" class=\"ngg-singlepic ngg-none\" src=\"https:\/\/chilifan.de\/wordpress\/wp-content\/gallery\/chilis\/thumbs\/thumbs_habas_20040905.jpg\" alt=\"habas_20040905\"><\/a><\/p>\n<h2>Saison 2003<\/h2>\n<p>Habanero Ernte (Caribbean Red)<\/p>\n<p>Das erste Jahr in dem ich versuche die Habanero Variante Caribbean Red anzubauen. Wie sich im nachhinein rausstellen sollte ein sehr lohnenswerter Entschluss.<\/p>\n<h2>Saison vor 2003<\/h2>\n<ul>\n<li>Cayenne (Sch\u00e4rfegrad 6) w\u00e4hrend der Bl\u00fcte und mit einer, noch gr\u00fcnen Frucht.<\/li>\n<li>Au\u00dferdem meine Chiltepinernte (Sch\u00e4rfegrad 7-8)<\/li>\n<\/ul>\n<p>Vor 2003 habe ich einige Chilisorten wie Serano, Cayenne, Chiltepin und Jalape\u00f1o angebaut. Leider habe ich davon nur sehr wenige und auch nicht besonders gute Bilder.<br \/>\nDa ich zu dieser Zeit auch noch keinen Balkon hatte musste ich selbst Bienchen spielen und alle Chilis selbst best\u00e4uben. Vorallem bei der Chilitepin machte das aufgrund der vielen kleinen Bl\u00fcten sehr viel Freude.<\/p>\n","protected":false},"excerpt":{"rendered":"<p>Alle nachfolgenden Bilder stammen von Chilis die ich in den letzen Jahren selbst angebaut habe. Leider habe ich von meiner Anfangszeit als Chilig\u00e4rtner nur sehr wenige Aufnahmen, da ich zu diesen Zeitpunkt noch keine Digitalkamera hatte. Saison 2006 Dieses Jahr &hellip; <a href=\"https:\/\/www.chilifan.de\/?page_id=48\">Weiterlesen <span class=\"meta-nav\">&rarr;<\/span><\/a><\/p>\n","protected":false},"author":1,"featured_media":0,"parent":0,"menu_order":0,"comment_status":"closed","ping_status":"closed","template":"full-width-page.php","meta":{"footnotes":""},"class_list":["post-48","page","type-page","status-publish","hentry"],"aioseo_notices":[],"_links":{"self":[{"href":"https:\/\/www.chilifan.de\/index.php?rest_route=\/wp\/v2\/pages\/48"}],"collection":[{"href":"https:\/\/www.chilifan.de\/index.php?rest_route=\/wp\/v2\/pages"}],"about":[{"href":"https:\/\/www.chilifan.de\/index.php?rest_route=\/wp\/v2\/types\/page"}],"author":[{"embeddable":true,"href":"https:\/\/www.chilifan.de\/index.php?rest_route=\/wp\/v2\/users\/1"}],"replies":[{"embeddable":true,"href":"https:\/\/www.chilifan.de\/index.php?rest_route=%2Fwp%2Fv2%2Fcomments&post=48"}],"version-history":[{"count":12,"href":"https:\/\/www.chilifan.de\/index.php?rest_route=\/wp\/v2\/pages\/48\/revisions"}],"predecessor-version":[{"id":463,"href":"https:\/\/www.chilifan.de\/index.php?rest_route=\/wp\/v2\/pages\/48\/revisions\/463"}],"wp:attachment":[{"href":"https:\/\/www.chilifan.de\/index.php?rest_route=%2Fwp%2Fv2%2Fmedia&parent=48"}],"curies":[{"name":"wp","href":"https:\/\/api.w.org\/{rel}","templated":true}]}}