{"id":50,"date":"2013-11-24T19:40:46","date_gmt":"2013-11-24T19:40:46","guid":{"rendered":"http:\/\/chilifan.de\/\/wordpress\/?page_id=50"},"modified":"2024-09-27T14:25:03","modified_gmt":"2024-09-27T12:25:03","slug":"gesundheit","status":"publish","type":"page","link":"https:\/\/www.chilifan.de\/?page_id=50","title":{"rendered":"Chilis sind gesund &#8211; verbessere deine Gesundheit"},"content":{"rendered":"<h1>Vitamine<\/h1>\n<p>Chilis enthalten\u00a0<b>dreimal so viel Vitamin C wie Zitrusfr\u00fcchte<\/b>. Au\u00dferdem enthalten sie Betacarotin und die Vitamine B1, B2 und B6 und als einzige Gem\u00fcseart auch Vitamin P.<\/p>\n<p><b>Chili regt den Stoffwechsel an<\/b>. Forscher in den USA stellten fest, da\u00df sich die Stoffwechselrate nach Chiligenu\u00df um ca. 25% erh\u00f6hte. <a href=\"https:\/\/chilifan.de\/wordpress\/?page_id=55\">Capsaicin<\/a>, dass in scharfen Schoten in h\u00f6herer Konzentration vorkommt, regt au\u00dferdem die Bildung von Speichel und Verdauungss\u00e4ften an.<br \/>\nBei einer natriumarmen Ern\u00e4hrung k\u00f6nnen Chilis ebenfalls helfen, denn durch das scharfe W\u00fcrzen kommt man mit bedeutend weniger Salz aus.<\/p>\n<table>\n<tbody>\n<tr>\n<th>Vitamin<\/th>\n<th>Wirkung<\/th>\n<th>mg\/100g<\/th>\n<th>Bedarf \/ Tag in mg<\/th>\n<\/tr>\n<tr>\n<td>Betacarotin (Provitamin A)<\/td>\n<td>gut f\u00fcr die Augen; st\u00e4rkt den Widerstand gegen Infektionen<\/td>\n<td align=\"center\">0.15<\/td>\n<td align=\"center\">2-6<\/td>\n<\/tr>\n<tr>\n<td>Vitamin C<\/td>\n<td>st\u00e4rkt den Widerstand gegen Infektionskrankheiten und verhindert Zahnfleischblutungen. Au\u00dferdem hilft es gegen Appetitlosigkeit und jahres- oder witterungsbedingte M\u00fcdigkeit.<\/td>\n<td align=\"center\">180<\/td>\n<td align=\"center\">100<\/td>\n<\/tr>\n<tr>\n<td>Vitamin E<\/td>\n<td>sch\u00fctzt Zellen vor Zerst\u00f6rung durch freie Radikale<\/td>\n<td align=\"center\">0.8<\/td>\n<td align=\"center\">12-15<\/td>\n<\/tr>\n<tr>\n<td>Vitamin B1<\/td>\n<td>beeinflu\u00dft die Nervent\u00e4tigkeit und den Kohlehydrat-Stoffwechsel<\/td>\n<td align=\"center\">0.08<\/td>\n<td align=\"center\">1-1.3<\/td>\n<\/tr>\n<tr>\n<td>Vitamin B2<\/td>\n<td>Verwertung von Fett, Eiweiss und Kohlenhydraten, Schleimhauterhaltung; beeinflu\u00dft das Wachstum bei Kleinkindern<\/td>\n<td align=\"center\">0.05<\/td>\n<td align=\"center\">1.2-1.5<\/td>\n<\/tr>\n<tr>\n<td>Vitamin B6<\/td>\n<td>beeinflu\u00dft den Proteinstoffwechsel und wirkt Hauterkrankungen, Nervenst\u00f6rungen und Erkrankungen an Mund und Augen entgegen<\/td>\n<td align=\"center\">0.2<\/td>\n<td align=\"center\">1.2-1.5<\/td>\n<\/tr>\n<tr>\n<td>Vitamin P (Rutin)<\/td>\n<td>stabilisiert die Blutgef\u00e4\u00dfe und steigert die Wirksamkeit von Vitamin C-E<\/td>\n<td align=\"center\">0.2<\/td>\n<td align=\"center\">unbekannt<\/td>\n<\/tr>\n<\/tbody>\n<\/table>\n<h1>Mineralstoffe und Spurenelemente<\/h1>\n<p>Mineralstoffe erf\u00fcllen im Organismus viele f\u00fcr die Gesundheit und das Wachstum unentbehrliche Funktionen.<\/p>\n<p>In 100 Gramm Chilis sind, neben anderen Mineralstoffen, etwa 290mg\u00a0<b>Kalium<\/b>\u00a0enthalten.<br \/>\nDer t\u00e4gliche Bedarf an Kalium kann nicht eindeutig festgelegt werden, da er von einer Reihe von Parametern abh\u00e4ngt. F\u00fcr Menschen ab dem 17. Lebensjahr wird der Mindestbedarf auf etwa 2 Gramm Kalium pro Tag gesch\u00e4tzt. F\u00fcr Kinder und Jugendliche liegt der Bedarf laut der Deutschen Gesellschaft f\u00fcr Ern\u00e4hrung bei 1-2 Gramm.<br \/>\nKalium ist\u00a0<b>wichtig f\u00fcr den Fl\u00fcssigkeitshaushalt und die Nervenfunktionen<\/b>. Bei Mangelversorgung kann es zu L\u00e4hmungen oder Muskelschw\u00e4che kommen. Elemente wie Eisen und Zink z\u00e4hlen zwar auch zu den Mineralstoffen, jedoch ist der Bedarf an diesen sehr viel geringer (&lt; 100mg) und deshalb werden diese als Spurenelemente bezeichnet.<\/p>\n<table>\n<tbody>\n<tr>\n<th>Mineralstoff<\/th>\n<th>Wirkung<\/th>\n<th>mg\/100g<\/th>\n<th>Bedarf \/ Tag in mg<\/th>\n<\/tr>\n<tr>\n<td>Kalium<\/td>\n<td>wichtig f\u00fcr den Fl\u00fcssigkeitshaushalt und die Nervenfunktionen<\/td>\n<td align=\"center\">290<\/td>\n<td align=\"center\">1000-2000<\/td>\n<\/tr>\n<tr>\n<td>Calcium<\/td>\n<td>wichtig f\u00fcr die Bildung von Knochen und Z\u00e4hnen; f\u00fcr Blutgerinnung,<\/td>\n<td align=\"center\">15<\/td>\n<td align=\"center\">1000<\/td>\n<\/tr>\n<tr>\n<td>Magnesium<\/td>\n<td>wird zur Aktivierung von Enzymen ben\u00f6tigt<\/td>\n<td align=\"center\">20<\/td>\n<td align=\"center\">350-400<\/td>\n<\/tr>\n<tr>\n<td>Natrium<\/td>\n<td>wichtig f\u00fcr Fl\u00fcssigkeitshaushalt und Nerven<\/td>\n<td align=\"center\">2<\/td>\n<td align=\"center\">1000-2000<\/td>\n<\/tr>\n<tr>\n<td>Eisen<\/td>\n<td>H\u00e4moglobinbestandteil und Teil von Enzymen des Energiestoffwechsels<\/td>\n<td align=\"center\">0.7<\/td>\n<td align=\"center\">10<\/td>\n<\/tr>\n<tr>\n<td>Zink<\/td>\n<td>Bestandteil von Verdauungsenzymen<\/td>\n<td align=\"center\">0.28<\/td>\n<td align=\"center\">7-10<\/td>\n<\/tr>\n<\/tbody>\n<\/table>\n","protected":false},"excerpt":{"rendered":"<p>Vitamine Chilis enthalten\u00a0dreimal so viel Vitamin C wie Zitrusfr\u00fcchte. Au\u00dferdem enthalten sie Betacarotin und die Vitamine B1, B2 und B6 und als einzige Gem\u00fcseart auch Vitamin P. Chili regt den Stoffwechsel an. Forscher in den USA stellten fest, da\u00df sich &hellip; <a href=\"https:\/\/www.chilifan.de\/?page_id=50\">Weiterlesen <span class=\"meta-nav\">&rarr;<\/span><\/a><\/p>\n","protected":false},"author":1,"featured_media":0,"parent":0,"menu_order":0,"comment_status":"closed","ping_status":"closed","template":"full-width-page.php","meta":{"footnotes":""},"class_list":["post-50","page","type-page","status-publish","hentry"],"aioseo_notices":[],"_links":{"self":[{"href":"https:\/\/www.chilifan.de\/index.php?rest_route=\/wp\/v2\/pages\/50"}],"collection":[{"href":"https:\/\/www.chilifan.de\/index.php?rest_route=\/wp\/v2\/pages"}],"about":[{"href":"https:\/\/www.chilifan.de\/index.php?rest_route=\/wp\/v2\/types\/page"}],"author":[{"embeddable":true,"href":"https:\/\/www.chilifan.de\/index.php?rest_route=\/wp\/v2\/users\/1"}],"replies":[{"embeddable":true,"href":"https:\/\/www.chilifan.de\/index.php?rest_route=%2Fwp%2Fv2%2Fcomments&post=50"}],"version-history":[{"count":10,"href":"https:\/\/www.chilifan.de\/index.php?rest_route=\/wp\/v2\/pages\/50\/revisions"}],"predecessor-version":[{"id":488,"href":"https:\/\/www.chilifan.de\/index.php?rest_route=\/wp\/v2\/pages\/50\/revisions\/488"}],"wp:attachment":[{"href":"https:\/\/www.chilifan.de\/index.php?rest_route=%2Fwp%2Fv2%2Fmedia&parent=50"}],"curies":[{"name":"wp","href":"https:\/\/api.w.org\/{rel}","templated":true}]}}